{"id":1570,"date":"2022-03-06T18:52:13","date_gmt":"2022-03-06T17:52:13","guid":{"rendered":"https:\/\/m-tower.de\/sustainability\/"},"modified":"2022-06-21T23:07:49","modified_gmt":"2022-06-21T21:07:49","slug":"sustainability","status":"publish","type":"page","link":"https:\/\/m-tower.de\/en\/sustainability\/","title":{"rendered":"SUSTAINABILITY"},"content":{"rendered":"<p>[et_pb_section fb_built=&#8221;1&#8243; fullwidth=&#8221;on&#8221; disabled_on=&#8221;off|off|off&#8221; _builder_version=&#8221;4.14.5&#8243; _module_preset=&#8221;default&#8221; background_color=&#8221;RGBA(255,255,255,0)&#8221; custom_margin=&#8221;||||false|false&#8221; custom_margin_tablet=&#8221;||||false|false&#8221; custom_margin_phone=&#8221;||||false|false&#8221; custom_margin_last_edited=&#8221;on|tablet&#8221; custom_padding=&#8221;||||false|false&#8221; background_last_edited=&#8221;on|tablet&#8221; global_colors_info=&#8221;{}&#8221;][et_pb_fullwidth_image src=&#8221;https:\/\/m-tower.de\/wp-content\/uploads\/2022\/03\/Nachhaltigkeit.jpg&#8221; alt=&#8221;SUSTAINABILITY&#8221; title_text=&#8221;SUSTAINABILITY&#8221; _builder_version=&#8221;4.14.5&#8243; _module_preset=&#8221;default&#8221; global_colors_info=&#8221;{}&#8221;][\/et_pb_fullwidth_image][\/et_pb_section][et_pb_section fb_built=&#8221;1&#8243; admin_label=&#8221;Video Title Section&#8221; _builder_version=&#8221;4.14.5&#8243; background_color=&#8221;#FFFFFF&#8221; custom_padding=&#8221;80px|0px|0px|0px|false|false&#8221; hover_enabled=&#8221;0&#8243; saved_tabs=&#8221;all&#8221; global_colors_info=&#8221;{}&#8221; sticky_enabled=&#8221;0&#8243;][et_pb_row admin_label=&#8221;Video Row&#8221; _builder_version=&#8221;4.14.5&#8243; custom_padding=&#8221;|||&#8221; global_colors_info=&#8221;{}&#8221;][et_pb_column type=&#8221;4_4&#8243; _builder_version=&#8221;4.14.5&#8243; custom_padding=&#8221;|||&#8221; global_colors_info=&#8221;{}&#8221; custom_padding__hover=&#8221;|||&#8221;][et_pb_text admin_label=&#8221;Tittle&#8221; _builder_version=&#8221;4.14.5&#8243; text_font=&#8221;||||||||&#8221; text_text_color=&#8221;#000000&#8243; header_text_color=&#8221;#AD8C82&#8243; header_2_font=&#8221;|||on|||||&#8221; header_2_text_align=&#8221;center&#8221; header_2_text_color=&#8221;#AD8C82&#8243; header_2_letter_spacing=&#8221;2px&#8221; header_3_font=&#8221;||||||||&#8221; header_3_text_color=&#8221;#191918&#8243; background_layout=&#8221;dark&#8221; max_width=&#8221;800px&#8221; module_alignment=&#8221;center&#8221; inline_fonts=&#8221;CrestaBold&#8221; global_colors_info=&#8221;{}&#8221;]<\/p>\n<h1 style=\"text-align: center;\">Sustainability<\/h1>\n<p>[\/et_pb_text][et_pb_text disabled_on=&#8221;off|off|off&#8221; admin_label=&#8221;texts&#8221; _builder_version=&#8221;4.14.5&#8243; text_font=&#8221;CrestaRegular||||||||&#8221; text_text_color=&#8221;#191918&#8243; text_line_height=&#8221;1.8em&#8221; header_font=&#8221;Oswald||||&#8221; header_font_size=&#8221;16px&#8221; header_letter_spacing=&#8221;2px&#8221; header_line_height=&#8221;1.7em&#8221; text_orientation=&#8221;center&#8221; max_width=&#8221;800px&#8221; max_width_tablet=&#8221;&#8221; max_width_phone=&#8221;&#8221; max_width_last_edited=&#8221;on|phone&#8221; module_alignment=&#8221;center&#8221; custom_margin=&#8221;-30px|||&#8221; inline_fonts=&#8221;CrestaBold&#8221; global_colors_info=&#8221;{}&#8221; content__hover_enabled=&#8221;off|hover&#8221; content__hover=&#8221;<\/p>\n<p><span>exemplify our <br \/>.<\/span> Trendy drinks and<br \/>Snacks at the Horizon Bar. Spektakul\u00e4res Ambiente<br \/>and top service included.<\/p>\n<p>&#8220;]<\/p>\n<p>We\u2019re committed to putting sustainability at the core of all we do. From responsibly sourcing and using ingredients for healthy dishes and supporting good animal husbandry to fighting global hunger and hiring a diverse workforce. We achieve our goals by working together closely with customers, suppliers, associations and interest groups. Numerous awards and distinctions, such as the Sustainability Award, Dow Jones Sustainability Indices, Diversity Top 50, Bloomberg Gender-Equality Index and FTSE4Good,<\/p>\n<p>[\/et_pb_text][\/et_pb_column][\/et_pb_row][\/et_pb_section][et_pb_section fb_built=&#8221;1&#8243; _builder_version=&#8221;4.14.5&#8243; _module_preset=&#8221;default&#8221; global_colors_info=&#8221;{}&#8221;][et_pb_row column_structure=&#8221;2_5,3_5&#8243; use_custom_gutter=&#8221;on&#8221; gutter_width=&#8221;1&#8243; make_equal=&#8221;on&#8221; _builder_version=&#8221;4.14.5&#8243; _module_preset=&#8221;default&#8221; custom_padding=&#8221;|||0px|false|false&#8221; global_colors_info=&#8221;{}&#8221;][et_pb_column type=&#8221;2_5&#8243; _builder_version=&#8221;4.14.5&#8243; _module_preset=&#8221;default&#8221; custom_padding=&#8221;|15px||0px|false|false&#8221; global_colors_info=&#8221;{}&#8221;][el_masonry_gallery image_ids=&#8221;686&#8243; number_of_columns=&#8221;1&#8243; image_size=&#8221;full&#8221; _builder_version=&#8221;4.14.5&#8243; _module_preset=&#8221;default&#8221; width=&#8221;100%&#8221; custom_margin=&#8221;|-40px||||&#8221; global_colors_info=&#8221;{}&#8221;][\/el_masonry_gallery][el_masonry_gallery image_ids=&#8221;682&#8243; number_of_columns=&#8221;1&#8243; image_size=&#8221;full&#8221; _builder_version=&#8221;4.14.5&#8243; _module_preset=&#8221;default&#8221; global_colors_info=&#8221;{}&#8221;][\/el_masonry_gallery][\/et_pb_column][et_pb_column type=&#8221;3_5&#8243; _builder_version=&#8221;4.14.5&#8243; _module_preset=&#8221;default&#8221; global_colors_info=&#8221;{}&#8221;][el_masonry_gallery image_ids=&#8221;685&#8243; number_of_columns=&#8221;1&#8243; image_size=&#8221;full&#8221; _builder_version=&#8221;4.14.5&#8243; _module_preset=&#8221;default&#8221; global_colors_info=&#8221;{}&#8221;][\/el_masonry_gallery][el_masonry_gallery image_ids=&#8221;684&#8243; number_of_columns=&#8221;1&#8243; image_size=&#8221;full&#8221; _builder_version=&#8221;4.14.5&#8243; _module_preset=&#8221;default&#8221; global_colors_info=&#8221;{}&#8221;][\/el_masonry_gallery][\/et_pb_column][\/et_pb_row][et_pb_row _builder_version=&#8221;4.14.5&#8243; _module_preset=&#8221;default&#8221; custom_margin=&#8221;-25px||||false|false&#8221; custom_padding=&#8221;0px||||false|false&#8221; global_colors_info=&#8221;{}&#8221;][et_pb_column type=&#8221;4_4&#8243; _builder_version=&#8221;4.14.5&#8243; _module_preset=&#8221;default&#8221; global_colors_info=&#8221;{}&#8221;][\/et_pb_column][\/et_pb_row][\/et_pb_section]<\/p>\n","protected":false},"excerpt":{"rendered":"<p>SustainabilityWe\u2019re committed to putting sustainability at the core of all we do. From responsibly sourcing and using ingredients for healthy dishes and supporting good animal husbandry to fighting global hunger and hiring a diverse workforce. We achieve our goals by working together closely with customers, suppliers, associations and interest groups. Numerous awards and distinctions, such [&hellip;]<\/p>\n","protected":false},"author":1,"featured_media":0,"parent":0,"menu_order":0,"comment_status":"closed","ping_status":"closed","template":"","meta":{"_et_pb_use_builder":"on","_et_pb_old_content":"","_et_gb_content_width":"","footnotes":""},"class_list":["post-1570","page","type-page","status-publish","hentry"],"yoast_head":"<!-- This site is optimized with the Yoast SEO plugin v27.0 - https:\/\/yoast.com\/product\/yoast-seo-wordpress\/ -->\n<title>SUSTAINABILITY - M.Tower - Genuss pur im Messeturm:<\/title>\n<meta name=\"robots\" content=\"index, follow, max-snippet:-1, max-image-preview:large, max-video-preview:-1\" \/>\n<link rel=\"canonical\" href=\"https:\/\/m-tower.de\/en\/sustainability\/\" \/>\n<meta property=\"og:locale\" content=\"en_US\" \/>\n<meta property=\"og:type\" content=\"article\" \/>\n<meta property=\"og:title\" content=\"SUSTAINABILITY - M.Tower - Genuss pur im Messeturm:\" \/>\n<meta property=\"og:description\" content=\"SustainabilityWe\u2019re committed to putting sustainability at the core of all we do. From responsibly sourcing and using ingredients for healthy dishes and supporting good animal husbandry to fighting global hunger and hiring a diverse workforce. We achieve our goals by working together closely with customers, suppliers, associations and interest groups. Numerous awards and distinctions, such [&hellip;]\" \/>\n<meta property=\"og:url\" content=\"https:\/\/m-tower.de\/en\/sustainability\/\" \/>\n<meta property=\"og:site_name\" content=\"M.Tower - Genuss pur im Messeturm:\" \/>\n<meta property=\"article:modified_time\" content=\"2022-06-21T21:07:49+00:00\" \/>\n<meta name=\"twitter:card\" content=\"summary_large_image\" \/>\n<meta name=\"twitter:label1\" content=\"Est. reading time\" \/>\n\t<meta name=\"twitter:data1\" content=\"3 minutes\" \/>\n<script type=\"application\/ld+json\" class=\"yoast-schema-graph\">{\"@context\":\"https:\/\/schema.org\",\"@graph\":[{\"@type\":\"WebPage\",\"@id\":\"https:\/\/m-tower.de\/en\/sustainability\/\",\"url\":\"https:\/\/m-tower.de\/en\/sustainability\/\",\"name\":\"SUSTAINABILITY - M.Tower - Genuss pur im Messeturm:\",\"isPartOf\":{\"@id\":\"https:\/\/m-tower.de\/en\/#website\"},\"datePublished\":\"2022-03-06T17:52:13+00:00\",\"dateModified\":\"2022-06-21T21:07:49+00:00\",\"breadcrumb\":{\"@id\":\"https:\/\/m-tower.de\/en\/sustainability\/#breadcrumb\"},\"inLanguage\":\"en-US\",\"potentialAction\":[{\"@type\":\"ReadAction\",\"target\":[\"https:\/\/m-tower.de\/en\/sustainability\/\"]}]},{\"@type\":\"BreadcrumbList\",\"@id\":\"https:\/\/m-tower.de\/en\/sustainability\/#breadcrumb\",\"itemListElement\":[{\"@type\":\"ListItem\",\"position\":1,\"name\":\"Home\",\"item\":\"https:\/\/m-tower.de\/en\/\"},{\"@type\":\"ListItem\",\"position\":2,\"name\":\"SUSTAINABILITY\"}]},{\"@type\":\"WebSite\",\"@id\":\"https:\/\/m-tower.de\/en\/#website\",\"url\":\"https:\/\/m-tower.de\/en\/\",\"name\":\"M.Tower - Genuss pur im Messeturm:\",\"description\":\"K\u00f6stliche Men\u00fcs im M.Tower Restaurant. Trendige Drinks und Snacks in der Horizon Bar. Spektakul\u00e4res Ambiente und Topservice inklusive.\",\"potentialAction\":[{\"@type\":\"SearchAction\",\"target\":{\"@type\":\"EntryPoint\",\"urlTemplate\":\"https:\/\/m-tower.de\/en\/?s={search_term_string}\"},\"query-input\":{\"@type\":\"PropertyValueSpecification\",\"valueRequired\":true,\"valueName\":\"search_term_string\"}}],\"inLanguage\":\"en-US\"}]}<\/script>\n<!-- \/ Yoast SEO plugin. -->","yoast_head_json":{"title":"SUSTAINABILITY - M.Tower - Genuss pur im Messeturm:","robots":{"index":"index","follow":"follow","max-snippet":"max-snippet:-1","max-image-preview":"max-image-preview:large","max-video-preview":"max-video-preview:-1"},"canonical":"https:\/\/m-tower.de\/en\/sustainability\/","og_locale":"en_US","og_type":"article","og_title":"SUSTAINABILITY - M.Tower - Genuss pur im Messeturm:","og_description":"SustainabilityWe\u2019re committed to putting sustainability at the core of all we do. From responsibly sourcing and using ingredients for healthy dishes and supporting good animal husbandry to fighting global hunger and hiring a diverse workforce. We achieve our goals by working together closely with customers, suppliers, associations and interest groups. Numerous awards and distinctions, such [&hellip;]","og_url":"https:\/\/m-tower.de\/en\/sustainability\/","og_site_name":"M.Tower - Genuss pur im Messeturm:","article_modified_time":"2022-06-21T21:07:49+00:00","twitter_card":"summary_large_image","twitter_misc":{"Est. reading time":"3 minutes"},"schema":{"@context":"https:\/\/schema.org","@graph":[{"@type":"WebPage","@id":"https:\/\/m-tower.de\/en\/sustainability\/","url":"https:\/\/m-tower.de\/en\/sustainability\/","name":"SUSTAINABILITY - M.Tower - Genuss pur im Messeturm:","isPartOf":{"@id":"https:\/\/m-tower.de\/en\/#website"},"datePublished":"2022-03-06T17:52:13+00:00","dateModified":"2022-06-21T21:07:49+00:00","breadcrumb":{"@id":"https:\/\/m-tower.de\/en\/sustainability\/#breadcrumb"},"inLanguage":"en-US","potentialAction":[{"@type":"ReadAction","target":["https:\/\/m-tower.de\/en\/sustainability\/"]}]},{"@type":"BreadcrumbList","@id":"https:\/\/m-tower.de\/en\/sustainability\/#breadcrumb","itemListElement":[{"@type":"ListItem","position":1,"name":"Home","item":"https:\/\/m-tower.de\/en\/"},{"@type":"ListItem","position":2,"name":"SUSTAINABILITY"}]},{"@type":"WebSite","@id":"https:\/\/m-tower.de\/en\/#website","url":"https:\/\/m-tower.de\/en\/","name":"M.Tower - Genuss pur im Messeturm:","description":"K\u00f6stliche Men\u00fcs im M.Tower Restaurant. Trendige Drinks und Snacks in der Horizon Bar. Spektakul\u00e4res Ambiente und Topservice inklusive.","potentialAction":[{"@type":"SearchAction","target":{"@type":"EntryPoint","urlTemplate":"https:\/\/m-tower.de\/en\/?s={search_term_string}"},"query-input":{"@type":"PropertyValueSpecification","valueRequired":true,"valueName":"search_term_string"}}],"inLanguage":"en-US"}]}},"_links":{"self":[{"href":"https:\/\/m-tower.de\/en\/wp-json\/wp\/v2\/pages\/1570","targetHints":{"allow":["GET"]}}],"collection":[{"href":"https:\/\/m-tower.de\/en\/wp-json\/wp\/v2\/pages"}],"about":[{"href":"https:\/\/m-tower.de\/en\/wp-json\/wp\/v2\/types\/page"}],"author":[{"embeddable":true,"href":"https:\/\/m-tower.de\/en\/wp-json\/wp\/v2\/users\/1"}],"replies":[{"embeddable":true,"href":"https:\/\/m-tower.de\/en\/wp-json\/wp\/v2\/comments?post=1570"}],"version-history":[{"count":10,"href":"https:\/\/m-tower.de\/en\/wp-json\/wp\/v2\/pages\/1570\/revisions"}],"predecessor-version":[{"id":1581,"href":"https:\/\/m-tower.de\/en\/wp-json\/wp\/v2\/pages\/1570\/revisions\/1581"}],"wp:attachment":[{"href":"https:\/\/m-tower.de\/en\/wp-json\/wp\/v2\/media?parent=1570"}],"curies":[{"name":"wp","href":"https:\/\/api.w.org\/{rel}","templated":true}]}}